{"id":8,"date":"2025-04-24T12:37:49","date_gmt":"2025-04-24T12:37:49","guid":{"rendered":"https:\/\/depanneuse-moto.fr\/?page_id=8"},"modified":"2025-04-24T13:31:05","modified_gmt":"2025-04-24T13:31:05","slug":"depanneuse-moto","status":"publish","type":"page","link":"https:\/\/depanneuse-moto.fr\/","title":{"rendered":"DEPANNEUSE MOTO"},"content":{"rendered":"\t\t<div data-elementor-type=\"wp-post\" data-elementor-id=\"8\" class=\"elementor elementor-8\">\n\t\t\t\t<div class=\"elementor-element elementor-element-3ceadfb e-con-full e-flex e-con e-parent\" data-id=\"3ceadfb\" data-element_type=\"container\" data-e-type=\"container\" data-settings=\"{&quot;background_background&quot;:&quot;classic&quot;}\">\n\t\t\t\t<div class=\"elementor-element elementor-element-3f775c3 elementor-align-justify elementor-mobile-align-center elementor-widget elementor-widget-button\" data-id=\"3f775c3\" data-element_type=\"widget\" data-e-type=\"widget\" data-widget_type=\"button.default\">\n\t\t\t\t<div class=\"elementor-widget-container\">\n\t\t\t\t\t\t\t\t\t<div class=\"elementor-button-wrapper\">\n\t\t\t\t\t<a class=\"elementor-button elementor-button-link elementor-size-sm\" href=\"tel:0972585879\">\n\t\t\t\t\t\t<span class=\"elementor-button-content-wrapper\">\n\t\t\t\t\t\t\t\t\t<span class=\"elementor-button-text\">09 72 58 58 79<\/span>\n\t\t\t\t\t<\/span>\n\t\t\t\t\t<\/a>\n\t\t\t\t<\/div>\n\t\t\t\t\t\t\t\t<\/div>\n\t\t\t\t<\/div>\n\t\t\t\t<\/div>\n\t\t<div class=\"elementor-element elementor-element-f471f23 e-con-full e-flex e-con e-parent\" data-id=\"f471f23\" data-element_type=\"container\" data-e-type=\"container\" data-settings=\"{&quot;background_background&quot;:&quot;classic&quot;}\">\n\t\t\t\t<div class=\"elementor-element elementor-element-2787128 elementor-widget elementor-widget-image-carousel\" data-id=\"2787128\" data-element_type=\"widget\" data-e-type=\"widget\" data-settings=\"{&quot;slides_to_show&quot;:&quot;5&quot;,&quot;slides_to_scroll&quot;:&quot;2&quot;,&quot;navigation&quot;:&quot;none&quot;,&quot;autoplay&quot;:&quot;yes&quot;,&quot;pause_on_hover&quot;:&quot;yes&quot;,&quot;pause_on_interaction&quot;:&quot;yes&quot;,&quot;autoplay_speed&quot;:5000,&quot;infinite&quot;:&quot;yes&quot;,&quot;speed&quot;:500}\" data-widget_type=\"image-carousel.default\">\n\t\t\t\t<div class=\"elementor-widget-container\">\n\t\t\t\t\t\t\t<div class=\"elementor-image-carousel-wrapper swiper\" role=\"region\" aria-roledescription=\"carousel\" aria-label=\"Carrousel d\u2019images\" dir=\"ltr\">\n\t\t\t<div class=\"elementor-image-carousel swiper-wrapper\" aria-live=\"off\">\n\t\t\t\t\t\t\t\t<div class=\"swiper-slide\" role=\"group\" aria-roledescription=\"slide\" aria-label=\"1 sur 7\"><figure class=\"swiper-slide-inner\"><img decoding=\"async\" class=\"swiper-slide-image\" src=\"https:\/\/depanneuse-moto.fr\/wp-content\/uploads\/2025\/04\/bmw-.jpg\" alt=\"bmw-\" \/><\/figure><\/div><div class=\"swiper-slide\" role=\"group\" aria-roledescription=\"slide\" aria-label=\"2 sur 7\"><figure class=\"swiper-slide-inner\"><img decoding=\"async\" class=\"swiper-slide-image\" src=\"https:\/\/depanneuse-moto.fr\/wp-content\/uploads\/2025\/04\/gilera.jpg\" alt=\"gilera\" \/><\/figure><\/div><div class=\"swiper-slide\" role=\"group\" aria-roledescription=\"slide\" aria-label=\"3 sur 7\"><figure class=\"swiper-slide-inner\"><img decoding=\"async\" class=\"swiper-slide-image\" src=\"https:\/\/depanneuse-moto.fr\/wp-content\/uploads\/2025\/04\/harley-davidson.jpg\" alt=\"harley-davidson\" \/><\/figure><\/div><div class=\"swiper-slide\" role=\"group\" aria-roledescription=\"slide\" aria-label=\"4 sur 7\"><figure class=\"swiper-slide-inner\"><img decoding=\"async\" class=\"swiper-slide-image\" src=\"https:\/\/depanneuse-moto.fr\/wp-content\/uploads\/2025\/04\/honda.jpg\" alt=\"honda\" \/><\/figure><\/div><div class=\"swiper-slide\" role=\"group\" aria-roledescription=\"slide\" aria-label=\"5 sur 7\"><figure class=\"swiper-slide-inner\"><img decoding=\"async\" class=\"swiper-slide-image\" src=\"https:\/\/depanneuse-moto.fr\/wp-content\/uploads\/2025\/04\/kawasaki.jpg\" alt=\"kawasaki\" \/><\/figure><\/div><div class=\"swiper-slide\" role=\"group\" aria-roledescription=\"slide\" aria-label=\"6 sur 7\"><figure class=\"swiper-slide-inner\"><img decoding=\"async\" class=\"swiper-slide-image\" src=\"https:\/\/depanneuse-moto.fr\/wp-content\/uploads\/2025\/04\/piaggio.jpg\" alt=\"piaggio\" \/><\/figure><\/div><div class=\"swiper-slide\" role=\"group\" aria-roledescription=\"slide\" aria-label=\"7 sur 7\"><figure class=\"swiper-slide-inner\"><img decoding=\"async\" class=\"swiper-slide-image\" src=\"https:\/\/depanneuse-moto.fr\/wp-content\/uploads\/2025\/04\/suzuki.jpg\" alt=\"suzuki\" \/><\/figure><\/div>\t\t\t<\/div>\n\t\t\t\t\t\t\t\n\t\t\t\t\t\t\t\t\t<\/div>\n\t\t\t\t\t\t<\/div>\n\t\t\t\t<\/div>\n\t\t\t\t<\/div>\n\t\t<div class=\"elementor-element elementor-element-d05c8a0 e-flex e-con-boxed e-con e-parent\" data-id=\"d05c8a0\" data-element_type=\"container\" data-e-type=\"container\" data-settings=\"{&quot;background_background&quot;:&quot;classic&quot;}\">\n\t\t\t\t\t<div class=\"e-con-inner\">\n\t\t\t\t<div class=\"elementor-element elementor-element-611eb46 elementor-widget elementor-widget-text-editor\" data-id=\"611eb46\" data-element_type=\"widget\" data-e-type=\"widget\" data-widget_type=\"text-editor.default\">\n\t\t\t\t<div class=\"elementor-widget-container\">\n\t\t\t\t\t\t\t\t\t<h2>\ud83d\udea8 <span style=\"color: #000000;\">D\u00e9panneuse Moto \u2013 Remorquage et D\u00e9pannage moto 24h\/24<\/span><\/h2><p>Votre moto est en panne ? Une crevaison ? Un accident ?<br \/>Faites appel \u00e0 <strong>D\u00e9panneuse Moto<\/strong>, le sp\u00e9cialiste du <strong>d\u00e9pannage moto rapide<\/strong>, <strong>remorquage toutes cylindr\u00e9es<\/strong> et <strong>assistance 2-roues<\/strong>, 7j\/7 et 24h\/24.<\/p><h4>\ud83d\udef5 <span style=\"color: #000000;\">Une panne moto ? On arrive en un rien de temps<\/span><\/h4><p>Notre \u00e9quipe intervient sur place pour :<\/p><ul><li>\ud83d\udd27 <strong>D\u00e9panner votre moto<\/strong> (batterie, panne s\u00e8che, petit probl\u00e8me \u00e9lectrique\u2026)<\/li><li><p>\ud83c\udfcd\ufe0f <strong>Remorquer votre moto<\/strong> vers le garage de votre choix<\/p><\/li><li><p>\ud83d\udd04 <strong>Changer votre roue<\/strong> ou regonfler un pneu crev\u00e9<\/p><\/li><li><p>\ud83d\ude9a Prendre en charge tous types de 2-roues : scooter, moto, maxi-scooter, 125cc, moto de collection\u2026<\/p><\/li><\/ul><h4>\ud83d\udccd<span style=\"color: #000000;\"> Intervention rapide dans toute la r\u00e9gion<\/span><\/h4><p>Nous intervenons dans un large p\u00e9rim\u00e8tre (\u00e0 pr\u00e9ciser selon la ville) avec des d\u00e9panneuses sp\u00e9cialement \u00e9quip\u00e9es pour transporter les motos en toute s\u00e9curit\u00e9.<br \/><strong>Moto couch\u00e9e ? Accident\u00e9e ?<\/strong> Pas de souci : notre \u00e9quipe prend en charge toutes les situations avec soin.<\/p><h3>\ud83d\udcac<span style=\"color: #000000;\"> Pourquoi nous faire confiance ?<\/span><\/h3><ul><li><p>\u2705 Techniciens sp\u00e9cialis\u00e9s 2-roues<\/p><\/li><li><p>\ud83d\udd50 Intervention express<\/p><\/li><li><p>\ud83d\udee0\ufe0f Mat\u00e9riel adapt\u00e9 (rampes, cales, sangles)<\/p><\/li><li><p>\ud83e\uddd1\u200d\ud83d\udd27 Service humain, transparent et r\u00e9actif<\/p><\/li><\/ul><h3>\ud83d\udcde <span style=\"color: #000000;\">Contactez nous<\/span><\/h3><p><span style=\"color: #000000;\"><strong>Un appel suffit !<\/strong><\/span><br \/>\ud83d\udcf1 <strong>09 72 58 58 79<\/strong><br \/>\ud83c\udf10 <strong>depanneuse-moto.fr<\/strong><\/p>\t\t\t\t\t\t\t\t<\/div>\n\t\t\t\t<\/div>\n\t\t\t\t\t<\/div>\n\t\t\t\t<\/div>\n\t\t\t\t<\/div>\n\t\t","protected":false},"excerpt":{"rendered":"<p>09 72 58 58 79 \ud83d\udea8 D\u00e9panneuse Moto \u2013 Remorquage et D\u00e9pannage moto 24h\/24 Votre moto est en panne ? Une crevaison ? Un accident ?Faites appel \u00e0 D\u00e9panneuse Moto, le sp\u00e9cialiste du d\u00e9pannage moto rapide, remorquage toutes cylindr\u00e9es et assistance 2-roues, 7j\/7 et 24h\/24. \ud83d\udef5 Une panne moto ? On arrive en un rien [&hellip;]<\/p>\n","protected":false},"author":1,"featured_media":13,"parent":0,"menu_order":0,"comment_status":"closed","ping_status":"closed","template":"","meta":{"footnotes":""},"class_list":["post-8","page","type-page","status-publish","has-post-thumbnail","hentry"],"_links":{"self":[{"href":"https:\/\/depanneuse-moto.fr\/index.php?rest_route=\/wp\/v2\/pages\/8","targetHints":{"allow":["GET"]}}],"collection":[{"href":"https:\/\/depanneuse-moto.fr\/index.php?rest_route=\/wp\/v2\/pages"}],"about":[{"href":"https:\/\/depanneuse-moto.fr\/index.php?rest_route=\/wp\/v2\/types\/page"}],"author":[{"embeddable":true,"href":"https:\/\/depanneuse-moto.fr\/index.php?rest_route=\/wp\/v2\/users\/1"}],"replies":[{"embeddable":true,"href":"https:\/\/depanneuse-moto.fr\/index.php?rest_route=%2Fwp%2Fv2%2Fcomments&post=8"}],"version-history":[{"count":35,"href":"https:\/\/depanneuse-moto.fr\/index.php?rest_route=\/wp\/v2\/pages\/8\/revisions"}],"predecessor-version":[{"id":55,"href":"https:\/\/depanneuse-moto.fr\/index.php?rest_route=\/wp\/v2\/pages\/8\/revisions\/55"}],"wp:featuredmedia":[{"embeddable":true,"href":"https:\/\/depanneuse-moto.fr\/index.php?rest_route=\/wp\/v2\/media\/13"}],"wp:attachment":[{"href":"https:\/\/depanneuse-moto.fr\/index.php?rest_route=%2Fwp%2Fv2%2Fmedia&parent=8"}],"curies":[{"name":"wp","href":"https:\/\/api.w.org\/{rel}","templated":true}]}}